{"id":149,"date":"2022-12-29T11:12:44","date_gmt":"2022-12-29T10:12:44","guid":{"rendered":"https:\/\/rylou.dldl.fr\/?page_id=149"},"modified":"2023-03-18T17:51:54","modified_gmt":"2023-03-18T16:51:54","slug":"conseil-municipal","status":"publish","type":"page","link":"https:\/\/comitedesmocards.fr\/index.php\/conseil-municipal\/","title":{"rendered":"Conseil Municipal"},"content":{"rendered":"\n<p><\/p>\n\n\n\n<p>Sauf en juillet ao\u00fbt, un Conseil Municipal se tient chaque mois. Il est public.<br>Date des prochains conseils municipaux : <a href=\"https:\/\/www.fontenay.fr\/vie-municipale\/conseils-municipaux-589.html\">CONSEILS MUNICIPAUX \u2013 fontenay-sous-bois.fr<\/a><br><br>L\u2019ordre du jour est disponible sur le site quelques jours avant le conseil.<br>L\u2019int\u00e9gralit\u00e9 de la s\u00e9ance est visible en ligne et reste accessible ensuite en \u00ab replay \u00bb.<br>Depuis cette ann\u00e9e le compte-rendu du dernier conseil municipal est disponible quelques jours apr\u00e8s.<\/p>\n\n\n\n<p class=\"has-medium-font-size\"><strong>Les \u00e9lus<\/strong> : <a href=\"https:\/\/www.fontenay.fr\/vie-municipale\/elus-et-permanences-578.html\">\u00c9LUS ET PERMANENCES &#8211; fontenay-sous-bois.fr<\/a><\/p>\n\n\n\n<p class=\"has-medium-font-size\">Le site de notre d\u00e9put\u00e9 <a href=\"https:\/\/guillaume.gouffier-cha.fr\/\">Guillaume Gouffier Valente<\/a><\/p>\n","protected":false},"excerpt":{"rendered":"<p>Sauf en juillet ao\u00fbt, un Conseil Municipal se tient chaque mois. Il est public.Date des prochains conseils municipaux : CONSEILS MUNICIPAUX \u2013 fontenay-sous-bois.fr L\u2019ordre du jour est disponible sur le site quelques jours avant le conseil.L\u2019int\u00e9gralit\u00e9 de la s\u00e9ance est visible en ligne et reste accessible ensuite en \u00ab replay \u00bb.Depuis cette ann\u00e9e le compte-rendu [&hellip;]<\/p>\n","protected":false},"author":1,"featured_media":0,"parent":0,"menu_order":0,"comment_status":"closed","ping_status":"closed","template":"","meta":{"site-sidebar-layout":"default","site-content-layout":"","ast-site-content-layout":"","site-content-style":"default","site-sidebar-style":"default","ast-global-header-display":"","ast-banner-title-visibility":"","ast-main-header-display":"","ast-hfb-above-header-display":"","ast-hfb-below-header-display":"","ast-hfb-mobile-header-display":"","site-post-title":"","ast-breadcrumbs-content":"","ast-featured-img":"","footer-sml-layout":"","theme-transparent-header-meta":"","adv-header-id-meta":"","stick-header-meta":"","header-above-stick-meta":"","header-main-stick-meta":"","header-below-stick-meta":"","astra-migrate-meta-layouts":"default","ast-page-background-enabled":"default","ast-page-background-meta":{"desktop":{"background-color":"var(--ast-global-color-4)","background-image":"","background-repeat":"repeat","background-position":"center center","background-size":"auto","background-attachment":"scroll","background-type":"","background-media":"","overlay-type":"","overlay-color":"","overlay-opacity":"","overlay-gradient":""},"tablet":{"background-color":"","background-image":"","background-repeat":"repeat","background-position":"center center","background-size":"auto","background-attachment":"scroll","background-type":"","background-media":"","overlay-type":"","overlay-color":"","overlay-opacity":"","overlay-gradient":""},"mobile":{"background-color":"","background-image":"","background-repeat":"repeat","background-position":"center center","background-size":"auto","background-attachment":"scroll","background-type":"","background-media":"","overlay-type":"","overlay-color":"","overlay-opacity":"","overlay-gradient":""}},"ast-content-background-meta":{"desktop":{"background-color":"var(--ast-global-color-5)","background-image":"","background-repeat":"repeat","background-position":"center center","background-size":"auto","background-attachment":"scroll","background-type":"","background-media":"","overlay-type":"","overlay-color":"","overlay-opacity":"","overlay-gradient":""},"tablet":{"background-color":"var(--ast-global-color-5)","background-image":"","background-repeat":"repeat","background-position":"center center","background-size":"auto","background-attachment":"scroll","background-type":"","background-media":"","overlay-type":"","overlay-color":"","overlay-opacity":"","overlay-gradient":""},"mobile":{"background-color":"var(--ast-global-color-5)","background-image":"","background-repeat":"repeat","background-position":"center center","background-size":"auto","background-attachment":"scroll","background-type":"","background-media":"","overlay-type":"","overlay-color":"","overlay-opacity":"","overlay-gradient":""}},"footnotes":""},"class_list":["post-149","page","type-page","status-publish","hentry"],"_links":{"self":[{"href":"https:\/\/comitedesmocards.fr\/index.php\/wp-json\/wp\/v2\/pages\/149","targetHints":{"allow":["GET"]}}],"collection":[{"href":"https:\/\/comitedesmocards.fr\/index.php\/wp-json\/wp\/v2\/pages"}],"about":[{"href":"https:\/\/comitedesmocards.fr\/index.php\/wp-json\/wp\/v2\/types\/page"}],"author":[{"embeddable":true,"href":"https:\/\/comitedesmocards.fr\/index.php\/wp-json\/wp\/v2\/users\/1"}],"replies":[{"embeddable":true,"href":"https:\/\/comitedesmocards.fr\/index.php\/wp-json\/wp\/v2\/comments?post=149"}],"version-history":[{"count":15,"href":"https:\/\/comitedesmocards.fr\/index.php\/wp-json\/wp\/v2\/pages\/149\/revisions"}],"predecessor-version":[{"id":885,"href":"https:\/\/comitedesmocards.fr\/index.php\/wp-json\/wp\/v2\/pages\/149\/revisions\/885"}],"wp:attachment":[{"href":"https:\/\/comitedesmocards.fr\/index.php\/wp-json\/wp\/v2\/media?parent=149"}],"curies":[{"name":"wp","href":"https:\/\/api.w.org\/{rel}","templated":true}]}}