{"id":162,"date":"2022-12-29T11:14:48","date_gmt":"2022-12-29T10:14:48","guid":{"rendered":"https:\/\/rylou.dldl.fr\/?page_id=162"},"modified":"2023-03-13T18:21:20","modified_gmt":"2023-03-13T17:21:20","slug":"val-de-marne","status":"publish","type":"page","link":"https:\/\/comitedesmocards.fr\/index.php\/val-de-marne\/","title":{"rendered":"Val de Marne"},"content":{"rendered":"\n<p>Le d\u00e9partement : <a href=\"https:\/\/www.valdemarne.fr\/  \">https:\/\/www.valdemarne.fr\/<\/a><br><br><strong>Plan des d\u00e9placements en Val de Marne<\/strong><br>Objectif 2030 \u00e9tabli en janvier 2019<br>Bilan 2009-2017 Mobilit\u00e9 active et Transports en commun Voirie r\u00e9am\u00e9nag\u00e9e<br>Consultable sous <a href=\"https:\/\/www.valdemarne.fr\/sites\/default\/files\/2019-01-24_pdvm-2018-2030.pdf\">2019-01-24_pdvm-2018-2030.pdf (valdemarne.fr)<\/a><\/p>\n\n\n\n<figure class=\"wp-block-image aligncenter size-medium\"><img loading=\"lazy\" decoding=\"async\" width=\"300\" height=\"213\" src=\"https:\/\/comitedesmocards.fr\/wp-content\/uploads\/2023\/02\/carte_transports-94-300x213.jpg\" alt=\"\" class=\"wp-image-489\" srcset=\"https:\/\/comitedesmocards.fr\/wp-content\/uploads\/2023\/02\/carte_transports-94-300x213.jpg 300w, https:\/\/comitedesmocards.fr\/wp-content\/uploads\/2023\/02\/carte_transports-94-768x545.jpg 768w, https:\/\/comitedesmocards.fr\/wp-content\/uploads\/2023\/02\/carte_transports-94.jpg 1024w\" sizes=\"auto, (max-width: 300px) 100vw, 300px\" \/><\/figure>\n","protected":false},"excerpt":{"rendered":"<p>Le d\u00e9partement : https:\/\/www.valdemarne.fr\/ Plan des d\u00e9placements en Val de MarneObjectif 2030 \u00e9tabli en janvier 2019Bilan 2009-2017 Mobilit\u00e9 active et Transports en commun Voirie r\u00e9am\u00e9nag\u00e9eConsultable sous 2019-01-24_pdvm-2018-2030.pdf (valdemarne.fr)<\/p>\n","protected":false},"author":1,"featured_media":0,"parent":0,"menu_order":0,"comment_status":"closed","ping_status":"closed","template":"","meta":{"site-sidebar-layout":"default","site-content-layout":"","ast-site-content-layout":"","site-content-style":"default","site-sidebar-style":"default","ast-global-header-display":"","ast-banner-title-visibility":"","ast-main-header-display":"","ast-hfb-above-header-display":"","ast-hfb-below-header-display":"","ast-hfb-mobile-header-display":"","site-post-title":"","ast-breadcrumbs-content":"","ast-featured-img":"","footer-sml-layout":"","theme-transparent-header-meta":"","adv-header-id-meta":"","stick-header-meta":"","header-above-stick-meta":"","header-main-stick-meta":"","header-below-stick-meta":"","astra-migrate-meta-layouts":"default","ast-page-background-enabled":"default","ast-page-background-meta":{"desktop":{"background-color":"var(--ast-global-color-4)","background-image":"","background-repeat":"repeat","background-position":"center center","background-size":"auto","background-attachment":"scroll","background-type":"","background-media":"","overlay-type":"","overlay-color":"","overlay-opacity":"","overlay-gradient":""},"tablet":{"background-color":"","background-image":"","background-repeat":"repeat","background-position":"center center","background-size":"auto","background-attachment":"scroll","background-type":"","background-media":"","overlay-type":"","overlay-color":"","overlay-opacity":"","overlay-gradient":""},"mobile":{"background-color":"","background-image":"","background-repeat":"repeat","background-position":"center center","background-size":"auto","background-attachment":"scroll","background-type":"","background-media":"","overlay-type":"","overlay-color":"","overlay-opacity":"","overlay-gradient":""}},"ast-content-background-meta":{"desktop":{"background-color":"var(--ast-global-color-5)","background-image":"","background-repeat":"repeat","background-position":"center center","background-size":"auto","background-attachment":"scroll","background-type":"","background-media":"","overlay-type":"","overlay-color":"","overlay-opacity":"","overlay-gradient":""},"tablet":{"background-color":"var(--ast-global-color-5)","background-image":"","background-repeat":"repeat","background-position":"center center","background-size":"auto","background-attachment":"scroll","background-type":"","background-media":"","overlay-type":"","overlay-color":"","overlay-opacity":"","overlay-gradient":""},"mobile":{"background-color":"var(--ast-global-color-5)","background-image":"","background-repeat":"repeat","background-position":"center center","background-size":"auto","background-attachment":"scroll","background-type":"","background-media":"","overlay-type":"","overlay-color":"","overlay-opacity":"","overlay-gradient":""}},"footnotes":""},"class_list":["post-162","page","type-page","status-publish","hentry"],"_links":{"self":[{"href":"https:\/\/comitedesmocards.fr\/index.php\/wp-json\/wp\/v2\/pages\/162","targetHints":{"allow":["GET"]}}],"collection":[{"href":"https:\/\/comitedesmocards.fr\/index.php\/wp-json\/wp\/v2\/pages"}],"about":[{"href":"https:\/\/comitedesmocards.fr\/index.php\/wp-json\/wp\/v2\/types\/page"}],"author":[{"embeddable":true,"href":"https:\/\/comitedesmocards.fr\/index.php\/wp-json\/wp\/v2\/users\/1"}],"replies":[{"embeddable":true,"href":"https:\/\/comitedesmocards.fr\/index.php\/wp-json\/wp\/v2\/comments?post=162"}],"version-history":[{"count":8,"href":"https:\/\/comitedesmocards.fr\/index.php\/wp-json\/wp\/v2\/pages\/162\/revisions"}],"predecessor-version":[{"id":726,"href":"https:\/\/comitedesmocards.fr\/index.php\/wp-json\/wp\/v2\/pages\/162\/revisions\/726"}],"wp:attachment":[{"href":"https:\/\/comitedesmocards.fr\/index.php\/wp-json\/wp\/v2\/media?parent=162"}],"curies":[{"name":"wp","href":"https:\/\/api.w.org\/{rel}","templated":true}]}}