{"id":179,"date":"2022-12-29T11:20:04","date_gmt":"2022-12-29T10:20:04","guid":{"rendered":"https:\/\/rylou.dldl.fr\/?page_id=179"},"modified":"2023-03-14T16:11:17","modified_gmt":"2023-03-14T15:11:17","slug":"projets-durbanisme","status":"publish","type":"page","link":"https:\/\/comitedesmocards.fr\/index.php\/projets-durbanisme\/","title":{"rendered":"Projets d&rsquo;urbanisme"},"content":{"rendered":"\n<div class=\"wp-block-file alignright\"><a href=\"https:\/\/comitedesmocards.fr\/wp-content\/uploads\/2023\/03\/Acquisition-du-terrain-Villa-des-Carrieres.pdf\" class=\"wp-block-file__button wp-element-button\" download>Pour plus d&rsquo;informations<\/a><\/div>\n\n\n\n<p>Acquisition pour la commune du terrain \u00ab\u00a0<strong>Villa des Carri\u00e8res<\/strong>\u00a0\u00bb pour extension du Parc <\/p>\n\n\n\n<div class=\"wp-block-file alignright\"><a href=\"https:\/\/comitedesmocards.fr\/wp-content\/uploads\/2023\/03\/COGEDIM-projet-Marguerite.pdf\" class=\"wp-block-file__button wp-element-button\" download>Domaine des Belles Vues<\/a><\/div>\n\n\n\n<p><strong>Domaine des Belles <\/strong>Vues Rue Marguerite<\/p>\n\n\n\n<div class=\"wp-block-file alignright\"><a href=\"https:\/\/comitedesmocards.fr\/wp-content\/uploads\/2023\/03\/DUP-CENEXI-Gaveau-V2.pdf\" class=\"wp-block-file__button wp-element-button\" download>DUP CENEXI Gaveau<\/a><\/div>\n\n\n\n<p class=\"has-text-align-left\">D\u00e9claration d&rsquo;Utilit\u00e9 Publique du secteur <strong>CENEXI Gaveau<\/strong> <\/p>\n\n\n\n<p><strong>Auchan Val de Fontenay<\/strong>  La Soci\u00e9t\u00e9 Publique Locale Marne et bois a pr\u00e9sent\u00e9 le projet le <a href=\"https:\/\/www.fontenay.fr\/fileadmin\/medias\/Pdf\/MDCVA\/concertation_auchan_gare_presentation_reunion.pdf\">14 novembre 2021<\/a>  avant une r\u00e9union de restitution le 9 d\u00e9cembre.<\/p>\n\n\n\n<p><strong>Rabelais<\/strong> Nouvelle m\u00e9diath\u00e8que et centre de sant\u00e9 plus nouvelle r\u00e9sidence <a href=\"https:\/\/www.fontenay.fr\/citoyennete-vie-associative\/concertations\/quartier-la-redouterabelais-2241.html\">Visio conf\u00e9rence<\/a> d\u00e9but 2022 (attention elle commencer \u00e0 la minute 36 et dure plus de&rsquo;une heure)<br>une vid\u00e9o de la SPL MAB qui pr\u00e9sente le futur <a href=\"https:\/\/mab-spl.fr\/notre-actualite\/\">Centre de Sant\u00e9 M\u00e9diath\u00e8que<\/a> en 2 minutes<\/p>\n","protected":false},"excerpt":{"rendered":"<p>Acquisition pour la commune du terrain \u00ab\u00a0Villa des Carri\u00e8res\u00a0\u00bb pour extension du Parc Domaine des Belles Vues Rue Marguerite D\u00e9claration d&rsquo;Utilit\u00e9 Publique du secteur CENEXI Gaveau Auchan Val de Fontenay La Soci\u00e9t\u00e9 Publique Locale Marne et bois a pr\u00e9sent\u00e9 le projet le 14 novembre 2021 avant une r\u00e9union de restitution le 9 d\u00e9cembre. Rabelais Nouvelle [&hellip;]<\/p>\n","protected":false},"author":1,"featured_media":0,"parent":0,"menu_order":0,"comment_status":"closed","ping_status":"closed","template":"","meta":{"site-sidebar-layout":"right-sidebar","site-content-layout":"","ast-site-content-layout":"","site-content-style":"default","site-sidebar-style":"default","ast-global-header-display":"","ast-banner-title-visibility":"","ast-main-header-display":"","ast-hfb-above-header-display":"","ast-hfb-below-header-display":"","ast-hfb-mobile-header-display":"","site-post-title":"","ast-breadcrumbs-content":"","ast-featured-img":"","footer-sml-layout":"","theme-transparent-header-meta":"","adv-header-id-meta":"","stick-header-meta":"","header-above-stick-meta":"","header-main-stick-meta":"","header-below-stick-meta":"","astra-migrate-meta-layouts":"default","ast-page-background-enabled":"default","ast-page-background-meta":{"desktop":{"background-color":"var(--ast-global-color-4)","background-image":"","background-repeat":"repeat","background-position":"center center","background-size":"auto","background-attachment":"scroll","background-type":"","background-media":"","overlay-type":"","overlay-color":"","overlay-opacity":"","overlay-gradient":""},"tablet":{"background-color":"","background-image":"","background-repeat":"repeat","background-position":"center center","background-size":"auto","background-attachment":"scroll","background-type":"","background-media":"","overlay-type":"","overlay-color":"","overlay-opacity":"","overlay-gradient":""},"mobile":{"background-color":"","background-image":"","background-repeat":"repeat","background-position":"center center","background-size":"auto","background-attachment":"scroll","background-type":"","background-media":"","overlay-type":"","overlay-color":"","overlay-opacity":"","overlay-gradient":""}},"ast-content-background-meta":{"desktop":{"background-color":"var(--ast-global-color-5)","background-image":"","background-repeat":"repeat","background-position":"center center","background-size":"auto","background-attachment":"scroll","background-type":"","background-media":"","overlay-type":"","overlay-color":"","overlay-opacity":"","overlay-gradient":""},"tablet":{"background-color":"var(--ast-global-color-5)","background-image":"","background-repeat":"repeat","background-position":"center center","background-size":"auto","background-attachment":"scroll","background-type":"","background-media":"","overlay-type":"","overlay-color":"","overlay-opacity":"","overlay-gradient":""},"mobile":{"background-color":"var(--ast-global-color-5)","background-image":"","background-repeat":"repeat","background-position":"center center","background-size":"auto","background-attachment":"scroll","background-type":"","background-media":"","overlay-type":"","overlay-color":"","overlay-opacity":"","overlay-gradient":""}},"footnotes":""},"class_list":["post-179","page","type-page","status-publish","hentry"],"_links":{"self":[{"href":"https:\/\/comitedesmocards.fr\/index.php\/wp-json\/wp\/v2\/pages\/179","targetHints":{"allow":["GET"]}}],"collection":[{"href":"https:\/\/comitedesmocards.fr\/index.php\/wp-json\/wp\/v2\/pages"}],"about":[{"href":"https:\/\/comitedesmocards.fr\/index.php\/wp-json\/wp\/v2\/types\/page"}],"author":[{"embeddable":true,"href":"https:\/\/comitedesmocards.fr\/index.php\/wp-json\/wp\/v2\/users\/1"}],"replies":[{"embeddable":true,"href":"https:\/\/comitedesmocards.fr\/index.php\/wp-json\/wp\/v2\/comments?post=179"}],"version-history":[{"count":33,"href":"https:\/\/comitedesmocards.fr\/index.php\/wp-json\/wp\/v2\/pages\/179\/revisions"}],"predecessor-version":[{"id":760,"href":"https:\/\/comitedesmocards.fr\/index.php\/wp-json\/wp\/v2\/pages\/179\/revisions\/760"}],"wp:attachment":[{"href":"https:\/\/comitedesmocards.fr\/index.php\/wp-json\/wp\/v2\/media?parent=179"}],"curies":[{"name":"wp","href":"https:\/\/api.w.org\/{rel}","templated":true}]}}