{"id":461,"date":"2023-02-25T12:48:14","date_gmt":"2023-02-25T11:48:14","guid":{"rendered":"http:\/\/comitedesmocards.fr\/?page_id=461"},"modified":"2023-03-13T18:24:52","modified_gmt":"2023-03-13T17:24:52","slug":"region-ile-de-france","status":"publish","type":"page","link":"https:\/\/comitedesmocards.fr\/index.php\/region-ile-de-france\/","title":{"rendered":"R\u00e9gion Ile de France"},"content":{"rendered":"\n<p>Site de la R\u00e9gion Ile de France : <a href=\"https:\/\/www.iledefrance.fr\/\">R\u00e9gion \u00cele-de-France (iledefrance.fr)<\/a>\u00a0<br><br>Le SDRIF Sch\u00e9ma Directeur Objectif 2040 <a href=\"https:\/\/www.iledefrance.fr\/objectif2040\">SDRIF-E : objectif 2040 | R\u00e9gion \u00cele-de-France (iledefrance.fr)<\/a>\u00a0<br><br>La M\u00e9tropole du Grand Paris <a href=\"https:\/\/www.metropolegrandparis.fr\/fr\">Accueil | M\u00e9tropole du Grand Paris (metropolegrandparis.fr)<\/a><br><br>Le super m\u00e9tro Grand Paris Express <a href=\"https:\/\/www.societedugrandparis.fr\/\">https:\/\/www.societedugrandparis.fr\/<\/a><\/p>\n\n\n\n<p class=\"has-text-align-left\"><\/p>\n\n\n\n<p><\/p>\n\n\n\n<p><\/p>\n\n\n\n<p><\/p>\n\n\n\n<p>   <\/p>\n","protected":false},"excerpt":{"rendered":"<p>Site de la R\u00e9gion Ile de France : R\u00e9gion \u00cele-de-France (iledefrance.fr)\u00a0 Le SDRIF Sch\u00e9ma Directeur Objectif 2040 SDRIF-E : objectif 2040 | R\u00e9gion \u00cele-de-France (iledefrance.fr)\u00a0 La M\u00e9tropole du Grand Paris Accueil | M\u00e9tropole du Grand Paris (metropolegrandparis.fr) Le super m\u00e9tro Grand Paris Express https:\/\/www.societedugrandparis.fr\/<\/p>\n","protected":false},"author":1,"featured_media":0,"parent":0,"menu_order":0,"comment_status":"closed","ping_status":"closed","template":"","meta":{"site-sidebar-layout":"default","site-content-layout":"","ast-site-content-layout":"","site-content-style":"default","site-sidebar-style":"default","ast-global-header-display":"","ast-banner-title-visibility":"","ast-main-header-display":"","ast-hfb-above-header-display":"","ast-hfb-below-header-display":"","ast-hfb-mobile-header-display":"","site-post-title":"","ast-breadcrumbs-content":"","ast-featured-img":"","footer-sml-layout":"","theme-transparent-header-meta":"","adv-header-id-meta":"","stick-header-meta":"","header-above-stick-meta":"","header-main-stick-meta":"","header-below-stick-meta":"","astra-migrate-meta-layouts":"default","ast-page-background-enabled":"default","ast-page-background-meta":{"desktop":{"background-color":"var(--ast-global-color-4)","background-image":"","background-repeat":"repeat","background-position":"center center","background-size":"auto","background-attachment":"scroll","background-type":"","background-media":"","overlay-type":"","overlay-color":"","overlay-opacity":"","overlay-gradient":""},"tablet":{"background-color":"","background-image":"","background-repeat":"repeat","background-position":"center center","background-size":"auto","background-attachment":"scroll","background-type":"","background-media":"","overlay-type":"","overlay-color":"","overlay-opacity":"","overlay-gradient":""},"mobile":{"background-color":"","background-image":"","background-repeat":"repeat","background-position":"center center","background-size":"auto","background-attachment":"scroll","background-type":"","background-media":"","overlay-type":"","overlay-color":"","overlay-opacity":"","overlay-gradient":""}},"ast-content-background-meta":{"desktop":{"background-color":"var(--ast-global-color-5)","background-image":"","background-repeat":"repeat","background-position":"center center","background-size":"auto","background-attachment":"scroll","background-type":"","background-media":"","overlay-type":"","overlay-color":"","overlay-opacity":"","overlay-gradient":""},"tablet":{"background-color":"var(--ast-global-color-5)","background-image":"","background-repeat":"repeat","background-position":"center center","background-size":"auto","background-attachment":"scroll","background-type":"","background-media":"","overlay-type":"","overlay-color":"","overlay-opacity":"","overlay-gradient":""},"mobile":{"background-color":"var(--ast-global-color-5)","background-image":"","background-repeat":"repeat","background-position":"center center","background-size":"auto","background-attachment":"scroll","background-type":"","background-media":"","overlay-type":"","overlay-color":"","overlay-opacity":"","overlay-gradient":""}},"footnotes":""},"class_list":["post-461","page","type-page","status-publish","hentry"],"_links":{"self":[{"href":"https:\/\/comitedesmocards.fr\/index.php\/wp-json\/wp\/v2\/pages\/461","targetHints":{"allow":["GET"]}}],"collection":[{"href":"https:\/\/comitedesmocards.fr\/index.php\/wp-json\/wp\/v2\/pages"}],"about":[{"href":"https:\/\/comitedesmocards.fr\/index.php\/wp-json\/wp\/v2\/types\/page"}],"author":[{"embeddable":true,"href":"https:\/\/comitedesmocards.fr\/index.php\/wp-json\/wp\/v2\/users\/1"}],"replies":[{"embeddable":true,"href":"https:\/\/comitedesmocards.fr\/index.php\/wp-json\/wp\/v2\/comments?post=461"}],"version-history":[{"count":5,"href":"https:\/\/comitedesmocards.fr\/index.php\/wp-json\/wp\/v2\/pages\/461\/revisions"}],"predecessor-version":[{"id":729,"href":"https:\/\/comitedesmocards.fr\/index.php\/wp-json\/wp\/v2\/pages\/461\/revisions\/729"}],"wp:attachment":[{"href":"https:\/\/comitedesmocards.fr\/index.php\/wp-json\/wp\/v2\/media?parent=461"}],"curies":[{"name":"wp","href":"https:\/\/api.w.org\/{rel}","templated":true}]}}