{"id":586,"date":"2023-03-06T18:58:56","date_gmt":"2023-03-06T17:58:56","guid":{"rendered":"https:\/\/comitedesmocards.fr\/?page_id=586"},"modified":"2023-03-06T19:12:54","modified_gmt":"2023-03-06T18:12:54","slug":"mentions-legales","status":"publish","type":"page","link":"https:\/\/comitedesmocards.fr\/index.php\/mentions-legales\/","title":{"rendered":"Mentions l\u00e9gales"},"content":{"rendered":"\n<p>H\u00e9bergement :<br>O.V.H.<br>Support administratif :<br>Comit\u00e9 du quartier des Mocards<br>6, rue de la Maison Rouge &#8211; 94120 Fontenay-sous-Bois (France)<br>T\u00e9l. : +33 (0)1 48 75 44 05 \u239c Email : comite.des.mocards@gmail.com<br>Traitement automatis\u00e9 d\u2019informations nominatives :<br>Ce site ne collecte sur les visiteurs aucune autre information nominative ou personnelle que celles qui lui sont ouvertement et volontairement fournies en particulier par l\u2019interm\u00e9diaire des adresses \u00e9lectroniques de ses correspondants.<br>Conception du site :<br>Ce site a \u00e9t\u00e9 enti\u00e8rement design\u00e9 et d\u00e9velopp\u00e9 sous WordPress\u00ae par ML. Rigal-Boivert<br>Tous droits r\u00e9serv\u00e9s \u00a9 2023.<\/p>\n","protected":false},"excerpt":{"rendered":"<p>H\u00e9bergement :O.V.H.Support administratif :Comit\u00e9 du quartier des Mocards6, rue de la Maison Rouge &#8211; 94120 Fontenay-sous-Bois (France)T\u00e9l. : +33 (0)1 48 75 44 05 \u239c Email : comite.des.mocards@gmail.comTraitement automatis\u00e9 d\u2019informations nominatives :Ce site ne collecte sur les visiteurs aucune autre information nominative ou personnelle que celles qui lui sont ouvertement et volontairement fournies en particulier [&hellip;]<\/p>\n","protected":false},"author":1,"featured_media":0,"parent":0,"menu_order":0,"comment_status":"closed","ping_status":"closed","template":"","meta":{"site-sidebar-layout":"default","site-content-layout":"","ast-site-content-layout":"","site-content-style":"default","site-sidebar-style":"default","ast-global-header-display":"","ast-banner-title-visibility":"","ast-main-header-display":"","ast-hfb-above-header-display":"","ast-hfb-below-header-display":"","ast-hfb-mobile-header-display":"","site-post-title":"","ast-breadcrumbs-content":"","ast-featured-img":"","footer-sml-layout":"","theme-transparent-header-meta":"","adv-header-id-meta":"","stick-header-meta":"","header-above-stick-meta":"","header-main-stick-meta":"","header-below-stick-meta":"","astra-migrate-meta-layouts":"default","ast-page-background-enabled":"default","ast-page-background-meta":{"desktop":{"background-color":"var(--ast-global-color-4)","background-image":"","background-repeat":"repeat","background-position":"center center","background-size":"auto","background-attachment":"scroll","background-type":"","background-media":"","overlay-type":"","overlay-color":"","overlay-opacity":"","overlay-gradient":""},"tablet":{"background-color":"","background-image":"","background-repeat":"repeat","background-position":"center center","background-size":"auto","background-attachment":"scroll","background-type":"","background-media":"","overlay-type":"","overlay-color":"","overlay-opacity":"","overlay-gradient":""},"mobile":{"background-color":"","background-image":"","background-repeat":"repeat","background-position":"center center","background-size":"auto","background-attachment":"scroll","background-type":"","background-media":"","overlay-type":"","overlay-color":"","overlay-opacity":"","overlay-gradient":""}},"ast-content-background-meta":{"desktop":{"background-color":"var(--ast-global-color-5)","background-image":"","background-repeat":"repeat","background-position":"center center","background-size":"auto","background-attachment":"scroll","background-type":"","background-media":"","overlay-type":"","overlay-color":"","overlay-opacity":"","overlay-gradient":""},"tablet":{"background-color":"var(--ast-global-color-5)","background-image":"","background-repeat":"repeat","background-position":"center center","background-size":"auto","background-attachment":"scroll","background-type":"","background-media":"","overlay-type":"","overlay-color":"","overlay-opacity":"","overlay-gradient":""},"mobile":{"background-color":"var(--ast-global-color-5)","background-image":"","background-repeat":"repeat","background-position":"center center","background-size":"auto","background-attachment":"scroll","background-type":"","background-media":"","overlay-type":"","overlay-color":"","overlay-opacity":"","overlay-gradient":""}},"footnotes":""},"class_list":["post-586","page","type-page","status-publish","hentry"],"_links":{"self":[{"href":"https:\/\/comitedesmocards.fr\/index.php\/wp-json\/wp\/v2\/pages\/586","targetHints":{"allow":["GET"]}}],"collection":[{"href":"https:\/\/comitedesmocards.fr\/index.php\/wp-json\/wp\/v2\/pages"}],"about":[{"href":"https:\/\/comitedesmocards.fr\/index.php\/wp-json\/wp\/v2\/types\/page"}],"author":[{"embeddable":true,"href":"https:\/\/comitedesmocards.fr\/index.php\/wp-json\/wp\/v2\/users\/1"}],"replies":[{"embeddable":true,"href":"https:\/\/comitedesmocards.fr\/index.php\/wp-json\/wp\/v2\/comments?post=586"}],"version-history":[{"count":3,"href":"https:\/\/comitedesmocards.fr\/index.php\/wp-json\/wp\/v2\/pages\/586\/revisions"}],"predecessor-version":[{"id":591,"href":"https:\/\/comitedesmocards.fr\/index.php\/wp-json\/wp\/v2\/pages\/586\/revisions\/591"}],"wp:attachment":[{"href":"https:\/\/comitedesmocards.fr\/index.php\/wp-json\/wp\/v2\/media?parent=586"}],"curies":[{"name":"wp","href":"https:\/\/api.w.org\/{rel}","templated":true}]}}